{"id":10,"date":"2015-12-18T23:18:26","date_gmt":"2015-12-18T23:18:26","guid":{"rendered":"http:\/\/www.hotelrealcatedral.com\/?page_id=10"},"modified":"2025-02-20T10:59:18","modified_gmt":"2025-02-20T16:59:18","slug":"hotel-historico-centro-tula-hidalgo","status":"publish","type":"page","link":"https:\/\/www.hotelrealcatedral.com\/en\/","title":{"rendered":"Historic Hotel in Tula Hidalgo"},"content":{"rendered":"<p><\/p>\n\n\n\n<h1 class=\"wp-block-heading has-text-align-center\">Historic Hotel in Tula Hidalgo<\/h1>\n\n\n\n<h2 class=\"wp-block-heading has-text-align-center\">Real Cathedral Hotel<\/h2>\n\n\n\n<div style=\"height:25px\" aria-hidden=\"true\" class=\"wp-block-spacer\"><\/div>\n\n\n\n<p>This beautiful Historic Hotel in Downtown Tula Hidalgo is located right next the Cathedral and about 1000 meters away from the Archaeological Site and the Atlantes. The hotel is a great choice for tourists and businessmen that enjoy history. The construction of the hotel began in March 16, 1868 under the direction of P. Espinoza and was inaugurated in January 1, 1872. Two books were written at Real Cathedral Hotel: Periquillo Sarniento and The Art of Dreaming of Carlos Castaneda; Benito Juarez also stayed here during his exile. Real Cathedral Hotel offers its guests the opportunity to live a Colonial Experience and the History of Tula. It offers comfortable rooms, business center, fitness center, free wireless internet, private parking, transportation, guided tours and a restaurant where you can enjoy the taste of the Mexican Cuisine. If you are looking for a Historic Hotel in Tula Hidalgo near the Atlantes, Real Cathedral Hotel is your best choice.<\/p>\n\n\n\n<h2 class=\"wp-block-heading has-text-align-center\">Services<\/h2>\n\n\n\n<div style=\"height:25px\" aria-hidden=\"true\" class=\"wp-block-spacer\"><\/div>\n\n\n\n<div class=\"wp-block-columns is-layout-flex wp-container-core-columns-is-layout-9d6595d7 wp-block-columns-is-layout-flex\">\n<div class=\"wp-block-column is-layout-flow wp-block-column-is-layout-flow\"><div class=\"wp-block-image\">\n<figure class=\"aligncenter size-large is-resized\"><img loading=\"lazy\" decoding=\"async\" width=\"128\" height=\"128\" src=\"http:\/\/www.hotelrealcatedral.com\/wp-content\/uploads\/2015\/12\/wifi-internet.png\" alt=\"Wifi Gratis\" class=\"wp-image-113\" style=\"width:32px;height:32px\" srcset=\"https:\/\/www.hotelrealcatedral.com\/wp-content\/uploads\/2015\/12\/wifi-internet.png 128w, https:\/\/www.hotelrealcatedral.com\/wp-content\/uploads\/2015\/12\/wifi-internet-1x1.png 1w\" sizes=\"auto, (max-width: 128px) 100vw, 128px\" \/><\/figure>\n<\/div>\n\n\n<p class=\"has-text-align-center\">Free WiFi<\/p>\n<\/div>\n\n\n\n<div class=\"wp-block-column is-layout-flow wp-block-column-is-layout-flow\"><div class=\"wp-block-image\">\n<figure class=\"aligncenter size-large is-resized\"><img loading=\"lazy\" decoding=\"async\" width=\"128\" height=\"128\" src=\"http:\/\/www.hotelrealcatedral.com\/wp-content\/uploads\/2015\/12\/restaurante.png\" alt=\"Restaurante\" class=\"wp-image-108\" style=\"width:32px;height:32px\" srcset=\"https:\/\/www.hotelrealcatedral.com\/wp-content\/uploads\/2015\/12\/restaurante.png 128w, https:\/\/www.hotelrealcatedral.com\/wp-content\/uploads\/2015\/12\/restaurante-1x1.png 1w\" sizes=\"auto, (max-width: 128px) 100vw, 128px\" \/><\/figure>\n<\/div>\n\n\n<p class=\"has-text-align-center\">Restaurant<\/p>\n<\/div>\n\n\n\n<div class=\"wp-block-column is-layout-flow wp-block-column-is-layout-flow\"><div class=\"wp-block-image\">\n<figure class=\"aligncenter size-large\"><img loading=\"lazy\" decoding=\"async\" width=\"32\" height=\"32\" src=\"http:\/\/www.hotelrealcatedral.com\/wp-content\/uploads\/2015\/12\/sky8.png\" alt=\"\" class=\"wp-image-122\" srcset=\"https:\/\/www.hotelrealcatedral.com\/wp-content\/uploads\/2015\/12\/sky8.png 32w, https:\/\/www.hotelrealcatedral.com\/wp-content\/uploads\/2015\/12\/sky8-1x1.png 1w\" sizes=\"auto, (max-width: 32px) 100vw, 32px\" \/><\/figure>\n<\/div>\n\n\n<p class=\"has-text-align-center\">Transportation<\/p>\n<\/div>\n<\/div>\n\n\n\n<div class=\"wp-block-columns is-layout-flex wp-container-core-columns-is-layout-9d6595d7 wp-block-columns-is-layout-flex\">\n<div class=\"wp-block-column is-layout-flow wp-block-column-is-layout-flow\"><div class=\"wp-block-image\">\n<figure class=\"aligncenter size-large is-resized\"><img loading=\"lazy\" decoding=\"async\" width=\"128\" height=\"128\" src=\"http:\/\/www.hotelrealcatedral.com\/wp-content\/uploads\/2015\/12\/sala-juntas.png\" alt=\"Sala de Juntas\" class=\"wp-image-109\" style=\"width:32px;height:32px\" srcset=\"https:\/\/www.hotelrealcatedral.com\/wp-content\/uploads\/2015\/12\/sala-juntas.png 128w, https:\/\/www.hotelrealcatedral.com\/wp-content\/uploads\/2015\/12\/sala-juntas-1x1.png 1w\" sizes=\"auto, (max-width: 128px) 100vw, 128px\" \/><\/figure>\n<\/div>\n\n\n<p class=\"has-text-align-center\">Meeting Room<\/p>\n<\/div>\n\n\n\n<div class=\"wp-block-column is-layout-flow wp-block-column-is-layout-flow\"><div class=\"wp-block-image\">\n<figure class=\"aligncenter size-large is-resized\"><img loading=\"lazy\" decoding=\"async\" width=\"128\" height=\"128\" src=\"http:\/\/www.hotelrealcatedral.com\/wp-content\/uploads\/2015\/12\/computers.png\" alt=\"Centro de Negocios\" class=\"wp-image-105\" style=\"width:32px;height:32px\" srcset=\"https:\/\/www.hotelrealcatedral.com\/wp-content\/uploads\/2015\/12\/computers.png 128w, https:\/\/www.hotelrealcatedral.com\/wp-content\/uploads\/2015\/12\/computers-1x1.png 1w\" sizes=\"auto, (max-width: 128px) 100vw, 128px\" \/><\/figure>\n<\/div>\n\n\n<p class=\"has-text-align-center\">Business Center<\/p>\n<\/div>\n\n\n\n<div class=\"wp-block-column is-layout-flow wp-block-column-is-layout-flow\"><div class=\"wp-block-image\">\n<figure class=\"aligncenter size-large is-resized\"><img loading=\"lazy\" decoding=\"async\" width=\"128\" height=\"128\" src=\"http:\/\/www.hotelrealcatedral.com\/wp-content\/uploads\/2015\/12\/gimnasio.png\" alt=\"Gimnasio\" class=\"wp-image-107\" style=\"width:32px;height:32px\" srcset=\"https:\/\/www.hotelrealcatedral.com\/wp-content\/uploads\/2015\/12\/gimnasio.png 128w, https:\/\/www.hotelrealcatedral.com\/wp-content\/uploads\/2015\/12\/gimnasio-1x1.png 1w\" sizes=\"auto, (max-width: 128px) 100vw, 128px\" \/><\/figure>\n<\/div>\n\n\n<p class=\"has-text-align-center\">Mini Gym<\/p>\n<\/div>\n<\/div>\n\n\n\n<hr class=\"wp-block-separator has-css-opacity\"\/>\n\n\n\n<h2 class=\"wp-block-heading has-text-align-center\">Points of Interest<\/h2>\n\n\n\n<div style=\"height:25px\" aria-hidden=\"true\" class=\"wp-block-spacer\"><\/div>\n\n\n\n<div class=\"wp-block-columns is-layout-flex wp-container-core-columns-is-layout-9d6595d7 wp-block-columns-is-layout-flex\">\n<div class=\"wp-block-column is-layout-flow wp-block-column-is-layout-flow\">\n<p class=\"has-text-align-center\">Museum&nbsp;&#8211; 50 meters<\/p>\n\n\n\n<p class=\"has-text-align-center\">Cathedral &#8211; 100 metros<\/p>\n<\/div>\n\n\n\n<div class=\"wp-block-column is-layout-flow wp-block-column-is-layout-flow\">\n<p class=\"has-text-align-center\">Archaeological Site  &#8211; 1.2 km<\/p>\n\n\n\n<p class=\"has-text-align-center\">Cruz Azul&nbsp;&#8211;&nbsp;8.9 km<\/p>\n<\/div>\n\n\n\n<div class=\"wp-block-column is-layout-flow wp-block-column-is-layout-flow\">\n<p class=\"has-text-align-center\">Oil Refinery &#8211;&nbsp;11.6 km<\/p>\n\n\n\n<p class=\"has-text-align-center\">Mexico City Airport &#8211;&nbsp;98.5 km<\/p>\n<\/div>\n<\/div>\n\n\n\n<hr class=\"wp-block-separator has-css-opacity\"\/>\n\n\n\n<h2 class=\"wp-block-heading has-text-align-center\">Guests Comments on <a rel=\"noreferrer noopener\" href=\"http:\/\/www.tripadvisor.com\/Hotel_Review-g644393-d1025504-Reviews-Hotel_Real_Catedral-Tula_de_Allende_Central_Mexico_and_Gulf_Coast.html\" target=\"_blank\">TripAdvisor<\/a><\/h2>\n\n\n\n<div style=\"height:25px\" aria-hidden=\"true\" class=\"wp-block-spacer\"><\/div>\n\n\n\n<div class=\"wp-block-columns is-layout-flex wp-container-core-columns-is-layout-9d6595d7 wp-block-columns-is-layout-flex\">\n<div class=\"wp-block-column is-layout-flow wp-block-column-is-layout-flow\"><div class=\"de_testi\">\r\n\t\t<blockquote>We wanted to visit the ruins of Tula by car and stay in the city of Tula. We booked the Hotel Real Catedral and got two nights including taxes for $92 U.S. That's $46 per night. We had a very comfortable room with free parking in front of the hotel and a continental breakfast. The staff were super friendly and the room was great. Very comfortable king sized bed with nice sheets, pillows and duvet. Good reading lights, free WiFi and lots of plug ins. Great shower with shampoos etc. and lots of hot water. Coffeemaker, coffee and cups in the room. This hotel is right in the heart of the city, just steps to the plaza, restaurants and the cathedral. The ruins of Tula were wonderful.<\/blockquote>\r\n\t\t<div class=\"de_testi_by\">\r\n\t\t<div class=\"de_testi_pic\">\r\n\t\t<img decoding=\"async\" src=\"https:\/\/www.hotelrealcatedral.com\/wp-content\/themes\/vierra\/images\/testi-default.jpg\" alt=\"\" class=\"img-circle\"><\/img>\r\n\t\t<\/div>\r\n\t\t<div class=\"de_testi_company\">\r\n\t\t<strong>Margoandthecats<\/strong>, USA\r\n\t\t<\/div>\r\n\t\t<\/div>\r\n\t\t<\/div>\n<\/div>\n\n\n\n<div class=\"wp-block-column is-layout-flow wp-block-column-is-layout-flow\"><div class=\"de_testi\">\r\n\t\t<blockquote>This hotel in Tula was phenomenal... I visited for business and had a lovely stay. I ended up going back with my family just so that they could experience what I lived in Tula during my first stay. The hotel is located in city centre, just steps away from the Cathedral and a couple blocks away from the local market. The place is full of history and that's exactly what we were looking for. Breakfast was included, I loove Mexican food. The ruins and the Atlantes are nearby, we spent a whole day there. The staff at the hotel booked me a tour guide to visit the ruins, the guy was unvelievable, so many stories, it felt like a movie. I hope to come back some day. Highly recommended!<\/blockquote>\r\n\t\t<div class=\"de_testi_by\">\r\n\t\t<div class=\"de_testi_pic\">\r\n\t\t<img decoding=\"async\" src=\"https:\/\/www.hotelrealcatedral.com\/wp-content\/themes\/vierra\/images\/testi-default.jpg\" alt=\"\" class=\"img-circle\"><\/img>\r\n\t\t<\/div>\r\n\t\t<div class=\"de_testi_company\">\r\n\t\t<strong>Tommy W<\/strong>, Berlin, Germany\r\n\t\t<\/div>\r\n\t\t<\/div>\r\n\t\t<\/div>\n<\/div>\n<\/div>\n\n\n\n<hr class=\"wp-block-separator has-css-opacity\"\/>\n\n\n<div class=\"wp-block-image\">\n<figure class=\"aligncenter size-large\"><img loading=\"lazy\" decoding=\"async\" width=\"300\" height=\"67\" src=\"http:\/\/www.hotelrealcatedral.com\/wp-content\/uploads\/2016\/04\/LOGO-REAL-CATEDRAL.png\" alt=\"Logo Hotel Catedral Tula\" class=\"wp-image-198\" srcset=\"https:\/\/www.hotelrealcatedral.com\/wp-content\/uploads\/2016\/04\/LOGO-REAL-CATEDRAL.png 300w, https:\/\/www.hotelrealcatedral.com\/wp-content\/uploads\/2016\/04\/LOGO-REAL-CATEDRAL-4x1.png 4w\" sizes=\"auto, (max-width: 300px) 100vw, 300px\" \/><\/figure>\n<\/div>\n\n\n<p class=\"has-text-align-center\">Phone 773 732 3632<br>Whatsapp. 773 180 7506<\/p>\n\n\n\n<p class=\"has-text-align-center\">Zaragoza 106, Centro<br>Tula de Allende, Hidalgo. 42800. M\u00e9xico.<\/p>\n\n\n\n<p class=\"has-text-align-center\"><strong>www.hotelrealcatedral.com\/en\/<br>Historic Hotel in Tula Hidalgo<\/strong><\/p>\n\n\n\n<p><\/p>","protected":false},"excerpt":{"rendered":"<p>Historic Hotel in Tula Hidalgo Real Cathedral Hotel This beautiful Historic Hotel in Downtown Tula Hidalgo is located right next the Cathedral and about 1000 meters away from the Archaeological Site and the Atlantes. The hotel is a great choice for tourists and businessmen that enjoy history. The construction of the hotel began in March [&hellip;]<\/p>\n","protected":false},"author":1,"featured_media":15,"parent":0,"menu_order":6,"comment_status":"closed","ping_status":"closed","template":"page_slider_extended.php","meta":{"_joinchat":{"telephone":"+527731807506","message_text":"\u00bfC\u00f3mo podemos ayudarte?","message_send":"Hola, necesito m\u00e1s informaci\u00f3n de:"},"footnotes":""},"class_list":["post-10","page","type-page","status-publish","has-post-thumbnail","hentry"],"yoast_head":"<!-- This site is optimized with the Yoast SEO plugin v23.9 - https:\/\/yoast.com\/wordpress\/plugins\/seo\/ -->\n<title>Historic Hotel in Tula Hidalgo | Real Cathedral Hotel<\/title>\n<meta name=\"description\" content=\"This beautiful Historic Hotel in Downtown Tula Hidalgo is located right next the Cathedral and about 1000 meters away from the Archaeological Site and the Atlantes.\" \/>\n<meta name=\"robots\" content=\"index, follow, max-snippet:-1, max-image-preview:large, max-video-preview:-1\" \/>\n<link rel=\"canonical\" href=\"https:\/\/www.hotelrealcatedral.com\/\" \/>\n<meta property=\"og:locale\" content=\"en_US\" \/>\n<meta property=\"og:type\" content=\"article\" \/>\n<meta property=\"og:title\" content=\"Historic Hotel in Tula Hidalgo | Real Cathedral Hotel\" \/>\n<meta property=\"og:description\" content=\"{:es}Este hermoso Hotel Hist\u00f3rico en el Centro de Tula Hidalgo esta ubicado a un costado de la Catedral y a escasos 1000 metros de los Atlantes de Tula{:en}This beautiful Historic Hotel in Downtown Tula Hidalgo is located right next the Cathedral and about 1000 meters away from the Archaeological Site and the Atlantes.{:}\" \/>\n<meta property=\"og:url\" content=\"https:\/\/www.hotelrealcatedral.com\/\" \/>\n<meta property=\"og:site_name\" content=\"Real Cathedral Hotel\" \/>\n<meta property=\"article:publisher\" content=\"http:\/\/facebook.com\/hotelrealcatedral\" \/>\n<meta property=\"article:modified_time\" content=\"2025-02-20T16:59:18+00:00\" \/>\n<meta property=\"og:image\" content=\"https:\/\/www.hotelrealcatedral.com\/wp-content\/uploads\/2015\/12\/hotel-real-catedral-tula.jpg\" \/>\n\t<meta property=\"og:image:width\" content=\"1600\" \/>\n\t<meta property=\"og:image:height\" content=\"1060\" \/>\n\t<meta property=\"og:image:type\" content=\"image\/jpeg\" \/>\n<meta name=\"twitter:card\" content=\"summary_large_image\" \/>\n<meta name=\"twitter:site\" content=\"@hrealcatedral\" \/>\n<meta name=\"twitter:label1\" content=\"Est. reading time\" \/>\n\t<meta name=\"twitter:data1\" content=\"8 minutes\" \/>\n<script type=\"application\/ld+json\" class=\"yoast-schema-graph\">{\"@context\":\"https:\/\/schema.org\",\"@graph\":[{\"@type\":\"WebPage\",\"@id\":\"https:\/\/www.hotelrealcatedral.com\/\",\"url\":\"https:\/\/www.hotelrealcatedral.com\/\",\"name\":\"Historic Hotel in Tula Hidalgo | Real Cathedral Hotel\",\"isPartOf\":{\"@id\":\"https:\/\/www.hotelrealcatedral.com\/#website\"},\"primaryImageOfPage\":{\"@id\":\"https:\/\/www.hotelrealcatedral.com\/#primaryimage\"},\"image\":{\"@id\":\"https:\/\/www.hotelrealcatedral.com\/#primaryimage\"},\"thumbnailUrl\":\"https:\/\/www.hotelrealcatedral.com\/wp-content\/uploads\/2015\/12\/hotel-real-catedral-tula.jpg\",\"datePublished\":\"2015-12-18T23:18:26+00:00\",\"dateModified\":\"2025-02-20T16:59:18+00:00\",\"description\":\"{:es}Este hermoso Hotel Hist\u00f3rico en el Centro de Tula Hidalgo esta ubicado a un costado de la Catedral y a escasos 1000 metros de los Atlantes de Tula{:en}This beautiful Historic Hotel in Downtown Tula Hidalgo is located right next the Cathedral and about 1000 meters away from the Archaeological Site and the Atlantes.{:}\",\"breadcrumb\":{\"@id\":\"https:\/\/www.hotelrealcatedral.com\/#breadcrumb\"},\"inLanguage\":\"en-US\",\"potentialAction\":[{\"@type\":\"ReadAction\",\"target\":[\"https:\/\/www.hotelrealcatedral.com\/\"]}]},{\"@type\":\"ImageObject\",\"inLanguage\":\"en-US\",\"@id\":\"https:\/\/www.hotelrealcatedral.com\/#primaryimage\",\"url\":\"https:\/\/www.hotelrealcatedral.com\/wp-content\/uploads\/2015\/12\/hotel-real-catedral-tula.jpg\",\"contentUrl\":\"https:\/\/www.hotelrealcatedral.com\/wp-content\/uploads\/2015\/12\/hotel-real-catedral-tula.jpg\",\"width\":1600,\"height\":1060,\"caption\":\"Hotel Real Catedral Tula\"},{\"@type\":\"BreadcrumbList\",\"@id\":\"https:\/\/www.hotelrealcatedral.com\/#breadcrumb\",\"itemListElement\":[{\"@type\":\"ListItem\",\"position\":1,\"name\":\"Portada\",\"item\":\"https:\/\/www.hotelrealcatedral.com\/\"},{\"@type\":\"ListItem\",\"position\":2,\"name\":\"Hotel Hist\u00f3rico en el Centro de Tula Hidalgo\"}]},{\"@type\":\"WebSite\",\"@id\":\"https:\/\/www.hotelrealcatedral.com\/#website\",\"url\":\"https:\/\/www.hotelrealcatedral.com\/\",\"name\":\"Real Cathedral Hotel\",\"description\":\"Historic Hotel in Downtown Tula Hidalgo\",\"potentialAction\":[{\"@type\":\"SearchAction\",\"target\":{\"@type\":\"EntryPoint\",\"urlTemplate\":\"https:\/\/www.hotelrealcatedral.com\/?s={search_term_string}\"},\"query-input\":{\"@type\":\"PropertyValueSpecification\",\"valueRequired\":true,\"valueName\":\"search_term_string\"}}],\"inLanguage\":\"en-US\"}]}<\/script>\n<!-- \/ Yoast SEO plugin. -->","yoast_head_json":{"title":"Historic Hotel in Tula Hidalgo | Real Cathedral Hotel","description":"This beautiful Historic Hotel in Downtown Tula Hidalgo is located right next the Cathedral and about 1000 meters away from the Archaeological Site and the Atlantes.","robots":{"index":"index","follow":"follow","max-snippet":"max-snippet:-1","max-image-preview":"max-image-preview:large","max-video-preview":"max-video-preview:-1"},"canonical":"https:\/\/www.hotelrealcatedral.com\/","og_locale":"en_US","og_type":"article","og_title":"Historic Hotel in Tula Hidalgo | Real Cathedral Hotel","og_description":"{:es}Este hermoso Hotel Hist\u00f3rico en el Centro de Tula Hidalgo esta ubicado a un costado de la Catedral y a escasos 1000 metros de los Atlantes de Tula{:en}This beautiful Historic Hotel in Downtown Tula Hidalgo is located right next the Cathedral and about 1000 meters away from the Archaeological Site and the Atlantes.{:}","og_url":"https:\/\/www.hotelrealcatedral.com\/","og_site_name":"Real Cathedral Hotel","article_publisher":"http:\/\/facebook.com\/hotelrealcatedral","article_modified_time":"2025-02-20T16:59:18+00:00","og_image":[{"width":1600,"height":1060,"url":"https:\/\/www.hotelrealcatedral.com\/wp-content\/uploads\/2015\/12\/hotel-real-catedral-tula.jpg","type":"image\/jpeg"}],"twitter_card":"summary_large_image","twitter_site":"@hrealcatedral","twitter_misc":{"Est. reading time":"8 minutes"},"schema":{"@context":"https:\/\/schema.org","@graph":[{"@type":"WebPage","@id":"https:\/\/www.hotelrealcatedral.com\/","url":"https:\/\/www.hotelrealcatedral.com\/","name":"Historic Hotel in Tula Hidalgo | Real Cathedral Hotel","isPartOf":{"@id":"https:\/\/www.hotelrealcatedral.com\/#website"},"primaryImageOfPage":{"@id":"https:\/\/www.hotelrealcatedral.com\/#primaryimage"},"image":{"@id":"https:\/\/www.hotelrealcatedral.com\/#primaryimage"},"thumbnailUrl":"https:\/\/www.hotelrealcatedral.com\/wp-content\/uploads\/2015\/12\/hotel-real-catedral-tula.jpg","datePublished":"2015-12-18T23:18:26+00:00","dateModified":"2025-02-20T16:59:18+00:00","description":"{:es}Este hermoso Hotel Hist\u00f3rico en el Centro de Tula Hidalgo esta ubicado a un costado de la Catedral y a escasos 1000 metros de los Atlantes de Tula{:en}This beautiful Historic Hotel in Downtown Tula Hidalgo is located right next the Cathedral and about 1000 meters away from the Archaeological Site and the Atlantes.{:}","breadcrumb":{"@id":"https:\/\/www.hotelrealcatedral.com\/#breadcrumb"},"inLanguage":"en-US","potentialAction":[{"@type":"ReadAction","target":["https:\/\/www.hotelrealcatedral.com\/"]}]},{"@type":"ImageObject","inLanguage":"en-US","@id":"https:\/\/www.hotelrealcatedral.com\/#primaryimage","url":"https:\/\/www.hotelrealcatedral.com\/wp-content\/uploads\/2015\/12\/hotel-real-catedral-tula.jpg","contentUrl":"https:\/\/www.hotelrealcatedral.com\/wp-content\/uploads\/2015\/12\/hotel-real-catedral-tula.jpg","width":1600,"height":1060,"caption":"Hotel Real Catedral Tula"},{"@type":"BreadcrumbList","@id":"https:\/\/www.hotelrealcatedral.com\/#breadcrumb","itemListElement":[{"@type":"ListItem","position":1,"name":"Portada","item":"https:\/\/www.hotelrealcatedral.com\/"},{"@type":"ListItem","position":2,"name":"Hotel Hist\u00f3rico en el Centro de Tula Hidalgo"}]},{"@type":"WebSite","@id":"https:\/\/www.hotelrealcatedral.com\/#website","url":"https:\/\/www.hotelrealcatedral.com\/","name":"Real Cathedral Hotel","description":"Historic Hotel in Downtown Tula Hidalgo","potentialAction":[{"@type":"SearchAction","target":{"@type":"EntryPoint","urlTemplate":"https:\/\/www.hotelrealcatedral.com\/?s={search_term_string}"},"query-input":{"@type":"PropertyValueSpecification","valueRequired":true,"valueName":"search_term_string"}}],"inLanguage":"en-US"}]}},"_links":{"self":[{"href":"https:\/\/www.hotelrealcatedral.com\/en\/wp-json\/wp\/v2\/pages\/10","targetHints":{"allow":["GET"]}}],"collection":[{"href":"https:\/\/www.hotelrealcatedral.com\/en\/wp-json\/wp\/v2\/pages"}],"about":[{"href":"https:\/\/www.hotelrealcatedral.com\/en\/wp-json\/wp\/v2\/types\/page"}],"author":[{"embeddable":true,"href":"https:\/\/www.hotelrealcatedral.com\/en\/wp-json\/wp\/v2\/users\/1"}],"replies":[{"embeddable":true,"href":"https:\/\/www.hotelrealcatedral.com\/en\/wp-json\/wp\/v2\/comments?post=10"}],"version-history":[{"count":125,"href":"https:\/\/www.hotelrealcatedral.com\/en\/wp-json\/wp\/v2\/pages\/10\/revisions"}],"predecessor-version":[{"id":578,"href":"https:\/\/www.hotelrealcatedral.com\/en\/wp-json\/wp\/v2\/pages\/10\/revisions\/578"}],"wp:featuredmedia":[{"embeddable":true,"href":"https:\/\/www.hotelrealcatedral.com\/en\/wp-json\/wp\/v2\/media\/15"}],"wp:attachment":[{"href":"https:\/\/www.hotelrealcatedral.com\/en\/wp-json\/wp\/v2\/media?parent=10"}],"curies":[{"name":"wp","href":"https:\/\/api.w.org\/{rel}","templated":true}]}}