{"id":492,"date":"2020-07-24T13:47:01","date_gmt":"2020-07-24T18:47:01","guid":{"rendered":"https:\/\/www.hotelrealcatedral.com\/?page_id=492"},"modified":"2020-07-24T13:47:03","modified_gmt":"2020-07-24T18:47:03","slug":"check-in","status":"publish","type":"page","link":"https:\/\/www.hotelrealcatedral.com\/en\/check-in\/","title":{"rendered":"Check In"},"content":{"rendered":"\n<h1 class=\"wp-block-heading\"><strong>Check In | Resgitro de Entrada<\/strong><\/h1>\n\n\n\n<p>\u00a1Gracias por su preferencia! Ser\u00e1 un placer recibirlo en Hotel Real Catedral.<\/p>\n\n\n\n<p>Con el objetivo de salvaguardar su&nbsp;<strong>bienestar y salud<\/strong>&nbsp;durante su visita, ponemos a su disposici\u00f3n el siguiente registro virtual de&nbsp;<strong>Check In<\/strong>.<\/p>\n\n\n\n<p>Es importante que el&nbsp;<strong>Check In<\/strong>&nbsp;sea llenado&nbsp;<strong>previamente a su llegada<\/strong>&nbsp;al hotel y por la&nbsp;<strong>persona con el nombre en su reservaci\u00f3n.<\/strong><\/p>\n\n\n\n<p>Ante cualquier duda durante el llenado de su registro de&nbsp;<strong>Check In<\/strong>&nbsp;por favor no dude en consultarnos comunic\u00e1ndose al<strong>&nbsp;773 732 3632<\/strong>, estamos para asistirle.<\/p>\n\n\n<div class=\"wpforms-container wpforms-container-full\" id=\"wpforms-491\"><form id=\"wpforms-form-491\" class=\"wpforms-validate wpforms-form\" data-formid=\"491\" method=\"post\" enctype=\"multipart\/form-data\" action=\"\/en\/wp-json\/wp\/v2\/pages\/492\" data-token=\"b7c25c26b4f14ed8387fe5c46a9113c8\"><noscript class=\"wpforms-error-noscript\">Please enable JavaScript in your browser to complete this form.<\/noscript><div class=\"wpforms-field-container\"><div id=\"wpforms-491-field_27-container\" class=\"wpforms-field wpforms-field-name\" data-field-id=\"27\"><label class=\"wpforms-field-label\" for=\"wpforms-491-field_27\">Nombre <span class=\"wpforms-required-label\">*<\/span><\/label><div class=\"wpforms-field-row wpforms-field-medium\"><div class=\"wpforms-field-row-block wpforms-first wpforms-one-half\"><input type=\"text\" id=\"wpforms-491-field_27\" class=\"wpforms-field-name-first wpforms-field-required\" name=\"wpforms[fields][27][first]\" required><label for=\"wpforms-491-field_27\" class=\"wpforms-field-sublabel after \">First<\/label><\/div><div class=\"wpforms-field-row-block wpforms-one-half\"><input type=\"text\" id=\"wpforms-491-field_27-last\" class=\"wpforms-field-name-last wpforms-field-required\" name=\"wpforms[fields][27][last]\" required><label for=\"wpforms-491-field_27-last\" class=\"wpforms-field-sublabel after \">Last<\/label><\/div><\/div><\/div><div id=\"wpforms-491-field_1-container\" class=\"wpforms-field wpforms-field-name wpforms-conditional-field wpforms-conditional-show\" data-field-id=\"1\" style=\"display:none;\"><label class=\"wpforms-field-label\" for=\"wpforms-491-field_1\">Nombre <span class=\"wpforms-required-label\">*<\/span><\/label><div class=\"wpforms-field-row wpforms-field-medium\"><div class=\"wpforms-field-row-block wpforms-first wpforms-one-half\"><input type=\"text\" id=\"wpforms-491-field_1\" class=\"wpforms-field-name-first wpforms-field-required\" name=\"wpforms[fields][1][first]\" required><label for=\"wpforms-491-field_1\" class=\"wpforms-field-sublabel after \">First<\/label><\/div><div class=\"wpforms-field-row-block wpforms-one-half\"><input type=\"text\" id=\"wpforms-491-field_1-last\" class=\"wpforms-field-name-last wpforms-field-required\" name=\"wpforms[fields][1][last]\" required><label for=\"wpforms-491-field_1-last\" class=\"wpforms-field-sublabel after \">Last<\/label><\/div><\/div><\/div><div id=\"wpforms-491-field_19-container\" class=\"wpforms-field wpforms-field-text\" data-field-id=\"19\"><label class=\"wpforms-field-label\" for=\"wpforms-491-field_19\">Direcci\u00f3n <span class=\"wpforms-required-label\">*<\/span><\/label><input type=\"text\" id=\"wpforms-491-field_19\" class=\"wpforms-field-medium wpforms-field-required\" name=\"wpforms[fields][19]\" required><div class=\"wpforms-field-description\">Calle, No. interior o exterior, Colonia, Municipio o Delegaci\u00f3n, C\u00f3digo Postal.<\/div><\/div><div id=\"wpforms-491-field_21-container\" class=\"wpforms-field wpforms-field-text\" data-field-id=\"21\"><label class=\"wpforms-field-label\" for=\"wpforms-491-field_21\">Pa\u00eds <span class=\"wpforms-required-label\">*<\/span><\/label><input type=\"text\" id=\"wpforms-491-field_21\" class=\"wpforms-field-small wpforms-field-required\" name=\"wpforms[fields][21]\" required><\/div><div id=\"wpforms-491-field_20-container\" class=\"wpforms-field wpforms-field-text\" data-field-id=\"20\"><label class=\"wpforms-field-label\" for=\"wpforms-491-field_20\">Estado <span class=\"wpforms-required-label\">*<\/span><\/label><input type=\"text\" id=\"wpforms-491-field_20\" class=\"wpforms-field-small wpforms-field-required\" name=\"wpforms[fields][20]\" required><\/div><div id=\"wpforms-491-field_3-container\" class=\"wpforms-field wpforms-field-phone\" data-field-id=\"3\"><label class=\"wpforms-field-label\" for=\"wpforms-491-field_3\">Tel\u00e9fono <span class=\"wpforms-required-label\">*<\/span><\/label><input type=\"tel\" id=\"wpforms-491-field_3\" class=\"wpforms-field-small wpforms-field-required\" data-rule-int-phone-field=\"true\" name=\"wpforms[fields][3]\" required><\/div><div id=\"wpforms-491-field_5-container\" class=\"wpforms-field wpforms-field-email\" data-field-id=\"5\"><label class=\"wpforms-field-label\" for=\"wpforms-491-field_5\">Correo electr\u00f3nico <span class=\"wpforms-required-label\">*<\/span><\/label><input type=\"email\" id=\"wpforms-491-field_5\" class=\"wpforms-field-small wpforms-field-required\" name=\"wpforms[fields][5]\" required><\/div><div id=\"wpforms-491-field_6-container\" class=\"wpforms-field wpforms-field-date-time\" data-field-id=\"6\"><label class=\"wpforms-field-label\" for=\"wpforms-491-field_6\">Fecha \/ Hora de llegada<\/label><div class=\"wpforms-field-row wpforms-field-medium\"><div class=\"wpforms-field-row-block wpforms-one-half wpforms-first\"><div class=\"wpforms-datepicker-wrap\"><input type=\"text\" id=\"wpforms-491-field_6\" class=\"wpforms-field-date-time-date wpforms-datepicker\" data-date-format=\"m\/d\/Y\" data-disable-past-dates=\"0\" data-input=\"true\" name=\"wpforms[fields][6][date]\" ><a title=\"Clear Date\" data-clear class=\"wpforms-datepicker-clear\" style=\"display:none;\"><\/a><\/div><label for=\"wpforms-491-field_6\" class=\"wpforms-field-sublabel after \">Date<\/label><\/div><div class=\"wpforms-field-row-block wpforms-one-half\"><input type=\"text\" id=\"wpforms-491-field_6-time\" class=\"wpforms-field-date-time-time wpforms-timepicker\" data-rule-time12h=\"true\" data-time-format=\"g:i A\" data-step=\"30\" name=\"wpforms[fields][6][time]\" ><label for=\"wpforms-491-field_6-time\" class=\"wpforms-field-sublabel after \">Time<\/label><\/div><\/div><div class=\"wpforms-field-description\">El horario de check in es a partir de las 14:30 hrs. En caso de un early check in por favor comun\u00edquese con nosotros.<\/div><\/div><div id=\"wpforms-491-field_7-container\" class=\"wpforms-field wpforms-field-date-time\" data-field-id=\"7\"><label class=\"wpforms-field-label\" for=\"wpforms-491-field_7\">Fecha \/ Hora de salida<\/label><div class=\"wpforms-field-row wpforms-field-medium\"><div class=\"wpforms-field-row-block wpforms-one-half wpforms-first\"><div class=\"wpforms-datepicker-wrap\"><input type=\"text\" id=\"wpforms-491-field_7\" class=\"wpforms-field-date-time-date wpforms-datepicker\" data-date-format=\"m\/d\/Y\" data-disable-past-dates=\"0\" data-input=\"true\" name=\"wpforms[fields][7][date]\" ><a title=\"Clear Date\" data-clear class=\"wpforms-datepicker-clear\" style=\"display:none;\"><\/a><\/div><label for=\"wpforms-491-field_7\" class=\"wpforms-field-sublabel after \">Date<\/label><\/div><div class=\"wpforms-field-row-block wpforms-one-half\"><input type=\"text\" id=\"wpforms-491-field_7-time\" class=\"wpforms-field-date-time-time wpforms-timepicker\" data-rule-time12h=\"true\" data-time-format=\"g:i A\" data-step=\"30\" name=\"wpforms[fields][7][time]\" ><label for=\"wpforms-491-field_7-time\" class=\"wpforms-field-sublabel after \">Time<\/label><\/div><\/div><div class=\"wpforms-field-description\">El horario de check out es hasta de las 12:30 hrs. En caso de un late check out por favor comun\u00edquese con nosotros.<\/div><\/div><div id=\"wpforms-491-field_8-container\" class=\"wpforms-field wpforms-field-radio\" data-field-id=\"8\"><label class=\"wpforms-field-label\" for=\"wpforms-491-field_8\">Motivo de Viaje <span class=\"wpforms-required-label\">*<\/span><\/label><ul id=\"wpforms-491-field_8\" class=\"wpforms-field-required\"><li class=\"choice-1 depth-1\"><input type=\"radio\" id=\"wpforms-491-field_8_1\" name=\"wpforms[fields][8]\" value=\"Ocio\" required ><label class=\"wpforms-field-label-inline\" for=\"wpforms-491-field_8_1\">Ocio<\/label><\/li><li class=\"choice-2 depth-1\"><input type=\"radio\" id=\"wpforms-491-field_8_2\" name=\"wpforms[fields][8]\" value=\"Negocios\" required ><label class=\"wpforms-field-label-inline\" for=\"wpforms-491-field_8_2\">Negocios<\/label><\/li><\/ul><\/div><div id=\"wpforms-491-field_9-container\" class=\"wpforms-field wpforms-field-radio wpforms-conditional-trigger\" data-field-id=\"9\"><label class=\"wpforms-field-label\" for=\"wpforms-491-field_9\">Forma de pago <span class=\"wpforms-required-label\">*<\/span><\/label><ul id=\"wpforms-491-field_9\" class=\"wpforms-field-required\"><li class=\"choice-1 depth-1\"><input type=\"radio\" id=\"wpforms-491-field_9_1\" name=\"wpforms[fields][9]\" value=\"Efectivo\" required ><label class=\"wpforms-field-label-inline\" for=\"wpforms-491-field_9_1\">Efectivo<\/label><\/li><li class=\"choice-2 depth-1\"><input type=\"radio\" id=\"wpforms-491-field_9_2\" name=\"wpforms[fields][9]\" value=\"Tarjeta de cr\u00e9dito\/ d\u00e9bito\" required ><label class=\"wpforms-field-label-inline\" for=\"wpforms-491-field_9_2\">Tarjeta de cr\u00e9dito\/ d\u00e9bito<\/label><\/li><li class=\"choice-3 depth-1\"><input type=\"radio\" id=\"wpforms-491-field_9_3\" name=\"wpforms[fields][9]\" value=\"Pago efectuado por la empresa\/ agencia\" required ><label class=\"wpforms-field-label-inline\" for=\"wpforms-491-field_9_3\">Pago efectuado por la empresa\/ agencia<\/label><\/li><\/ul><div class=\"wpforms-field-description\">En caso de efectivo, por favor efectue su pago en recepci\u00f3n, portando cubrebocas y respetando la sana distancia. Para tarjeta de cr\u00e9dito o d\u00e9bito por favor llene los siguientes campos, los cargos se realizan al momento de su llegada.<\/div><\/div><div id=\"wpforms-491-field_12-container\" class=\"wpforms-field wpforms-field-number wpforms-conditional-field wpforms-conditional-show\" data-field-id=\"12\" style=\"display:none;\"><label class=\"wpforms-field-label\" for=\"wpforms-491-field_12\">N\u00famero de tarjeta<\/label><input type=\"number\" pattern=\"\\d*\" id=\"wpforms-491-field_12\" class=\"wpforms-field-medium\" name=\"wpforms[fields][12]\" ><div class=\"wpforms-field-description\">Digite los n\u00fameros de su tarjeta Visa, MasterCard o American Express.<\/div><\/div><div id=\"wpforms-491-field_13-container\" class=\"wpforms-field wpforms-field-text wpforms-conditional-field wpforms-conditional-show\" data-field-id=\"13\" style=\"display:none;\"><label class=\"wpforms-field-label\" for=\"wpforms-491-field_13\">Fecha de vencimiento (MM\/AAAA)<\/label><input type=\"text\" id=\"wpforms-491-field_13\" class=\"wpforms-field-medium\" name=\"wpforms[fields][13]\" ><div class=\"wpforms-field-description\">Comience por los d\u00edgitos del mes y cuatro d\u00edgitos para el a\u00f1o.<\/div><\/div><div id=\"wpforms-491-field_14-container\" class=\"wpforms-field wpforms-field-number wpforms-conditional-field wpforms-conditional-show\" data-field-id=\"14\" style=\"display:none;\"><label class=\"wpforms-field-label\" for=\"wpforms-491-field_14\">CVV<\/label><input type=\"number\" pattern=\"\\d*\" id=\"wpforms-491-field_14\" class=\"wpforms-field-medium\" name=\"wpforms[fields][14]\" ><div class=\"wpforms-field-description\">C\u00f3digo de seguridad de su tarjeta. Utilizamos informaci\u00f3n sensible de pagos (como el nombre del tarjetahabiente, n\u00famero de tarjeta de cr\u00e9dito y fecha de vencimiento) para efectos de completar el registro de check in que hace en nuestro sitio. Los datos quedan resguardados con acceso limitado para la seguridad del hu\u00e9sped.<\/div><\/div><div id=\"wpforms-491-field_15-container\" class=\"wpforms-field wpforms-field-radio wpforms-conditional-trigger\" data-field-id=\"15\"><label class=\"wpforms-field-label\" for=\"wpforms-491-field_15\">\u00bfRequiere de factura? <span class=\"wpforms-required-label\">*<\/span><\/label><ul id=\"wpforms-491-field_15\" class=\"wpforms-field-required\"><li class=\"choice-1 depth-1\"><input type=\"radio\" id=\"wpforms-491-field_15_1\" name=\"wpforms[fields][15]\" value=\"S\u00ed\" required ><label class=\"wpforms-field-label-inline\" for=\"wpforms-491-field_15_1\">S\u00ed<\/label><\/li><li class=\"choice-2 depth-1\"><input type=\"radio\" id=\"wpforms-491-field_15_2\" name=\"wpforms[fields][15]\" value=\"No\" required ><label class=\"wpforms-field-label-inline\" for=\"wpforms-491-field_15_2\">No<\/label><\/li><\/ul><div class=\"wpforms-field-description\">Si requiere factura, favor de llenar los siguientes campos. En caso de no requerir factura, por favor vaya a la siguiente secci\u00f3n.<\/div><\/div><div id=\"wpforms-491-field_17-container\" class=\"wpforms-field wpforms-field-text wpforms-conditional-field wpforms-conditional-show\" data-field-id=\"17\" style=\"display:none;\"><label class=\"wpforms-field-label\" for=\"wpforms-491-field_17\">RFC <span class=\"wpforms-required-label\">*<\/span><\/label><input type=\"text\" id=\"wpforms-491-field_17\" class=\"wpforms-field-small wpforms-field-required\" name=\"wpforms[fields][17]\" required><\/div><div id=\"wpforms-491-field_22-container\" class=\"wpforms-field wpforms-field-text wpforms-conditional-field wpforms-conditional-show\" data-field-id=\"22\" style=\"display:none;\"><label class=\"wpforms-field-label\" for=\"wpforms-491-field_22\">Raz\u00f3n Social <span class=\"wpforms-required-label\">*<\/span><\/label><input type=\"text\" id=\"wpforms-491-field_22\" class=\"wpforms-field-large wpforms-field-required\" name=\"wpforms[fields][22]\" required><\/div><div id=\"wpforms-491-field_23-container\" class=\"wpforms-field wpforms-field-text wpforms-conditional-field wpforms-conditional-show\" data-field-id=\"23\" style=\"display:none;\"><label class=\"wpforms-field-label\" for=\"wpforms-491-field_23\">Direcci\u00f3n <span class=\"wpforms-required-label\">*<\/span><\/label><input type=\"text\" id=\"wpforms-491-field_23\" class=\"wpforms-field-medium wpforms-field-required\" name=\"wpforms[fields][23]\" required><div class=\"wpforms-field-description\">Calle, Colonia, C\u00f3digo Postal, No. exterior, No. interior.<\/div><\/div><div id=\"wpforms-491-field_24-container\" class=\"wpforms-field wpforms-field-text wpforms-conditional-field wpforms-conditional-show\" data-field-id=\"24\" style=\"display:none;\"><label class=\"wpforms-field-label\" for=\"wpforms-491-field_24\">Estado <span class=\"wpforms-required-label\">*<\/span><\/label><input type=\"text\" id=\"wpforms-491-field_24\" class=\"wpforms-field-small wpforms-field-required\" name=\"wpforms[fields][24]\" required><\/div><div id=\"wpforms-491-field_25-container\" class=\"wpforms-field wpforms-field-text wpforms-conditional-field wpforms-conditional-show\" data-field-id=\"25\" style=\"display:none;\"><label class=\"wpforms-field-label\" for=\"wpforms-491-field_25\">Delegaci\u00f3n o Municipio <span class=\"wpforms-required-label\">*<\/span><\/label><input type=\"text\" id=\"wpforms-491-field_25\" class=\"wpforms-field-small wpforms-field-required\" name=\"wpforms[fields][25]\" required><\/div><div id=\"wpforms-491-field_26-container\" class=\"wpforms-field wpforms-field-text wpforms-conditional-field wpforms-conditional-show\" data-field-id=\"26\" style=\"display:none;\"><label class=\"wpforms-field-label\" for=\"wpforms-491-field_26\">Pa\u00eds <span class=\"wpforms-required-label\">*<\/span><\/label><input type=\"text\" id=\"wpforms-491-field_26\" class=\"wpforms-field-small wpforms-field-required\" name=\"wpforms[fields][26]\" required><\/div><div id=\"wpforms-491-field_18-container\" class=\"wpforms-field wpforms-field-checkbox\" data-field-id=\"18\"><label class=\"wpforms-field-label\" for=\"wpforms-491-field_18\">Pol\u00edticas y Condiciones <span class=\"wpforms-required-label\">*<\/span><\/label><ul id=\"wpforms-491-field_18\" class=\"wpforms-field-required\"><li class=\"choice-1 depth-1\"><input type=\"checkbox\" id=\"wpforms-491-field_18_1\" name=\"wpforms[fields][18][]\" value=\"Acepto que la informaci\u00f3n aqu\u00ed recabada sea con fines de realizar las transacciones y procedimientos necesarias para el proceso de Check In del hotel. Confirmo que los datos proporcionados son veraces y el hotel podr\u00e1 corroborarlos en cu\u00e1nto ellos lo determinen necesario.\" required ><label class=\"wpforms-field-label-inline\" for=\"wpforms-491-field_18_1\">Acepto que la informaci\u00f3n aqu\u00ed recabada sea con fines de realizar las transacciones y procedimientos necesarias para el proceso de Check In del hotel. Confirmo que los datos proporcionados son veraces y el hotel podr\u00e1 corroborarlos en cu\u00e1nto ellos lo determinen necesario.<\/label><\/li><\/ul><\/div><\/div><div class=\"wpforms-field wpforms-field-hp\"><label for=\"wpforms-491-field-hp\" class=\"wpforms-field-label\">Email<\/label><input type=\"text\" name=\"wpforms[hp]\" id=\"wpforms-491-field-hp\" class=\"wpforms-field-medium\"><\/div><div class=\"wpforms-recaptcha-container wpforms-is-recaptcha\" ><div class=\"g-recaptcha\" data-sitekey=\"6LchiZwUAAAAAC0D0464iazD74bwRQ1bp1OwgqsL\" data-size=\"invisible\"><\/div><\/div><div class=\"wpforms-submit-container\" ><input type=\"hidden\" name=\"wpforms[id]\" value=\"491\"><input type=\"hidden\" name=\"wpforms[author]\" value=\"3\"><button type=\"submit\" name=\"wpforms[submit]\" class=\"wpforms-submit \" id=\"wpforms-submit-491\" value=\"wpforms-submit\" aria-live=\"assertive\" data-alt-text=\"Enviando...\" data-submit-text=\"Enviar\">Enviar<\/button><\/div><\/form><\/div>  <!-- .wpforms-container -->\n","protected":false},"excerpt":{"rendered":"<p>Check In | Resgitro de Entrada \u00a1Gracias por su preferencia! Ser\u00e1 un placer recibirlo en Hotel Real Catedral. Con el objetivo de salvaguardar su&nbsp;bienestar y salud&nbsp;durante su visita, ponemos a su disposici\u00f3n el siguiente registro virtual de&nbsp;Check In. Es importante que el&nbsp;Check In&nbsp;sea llenado&nbsp;previamente a su llegada&nbsp;al hotel y por la&nbsp;persona con el nombre en [&hellip;]<\/p>\n","protected":false},"author":3,"featured_media":0,"parent":0,"menu_order":0,"comment_status":"closed","ping_status":"closed","template":"","meta":{"_joinchat":[],"footnotes":""},"class_list":["post-492","page","type-page","status-publish","hentry"],"yoast_head":"<!-- This site is optimized with the Yoast SEO plugin v23.9 - https:\/\/yoast.com\/wordpress\/plugins\/seo\/ -->\n<title>Check In | Real Cathedral Hotel<\/title>\n<meta name=\"description\" content=\"Realiza tu Check-In o Registro de Entrada de forma digital. En Hotel Real Catedral deseamos salvaguardar tu bienestar y salud durante tu visita.\" \/>\n<meta name=\"robots\" content=\"index, follow, max-snippet:-1, max-image-preview:large, max-video-preview:-1\" \/>\n<link rel=\"canonical\" href=\"https:\/\/www.hotelrealcatedral.com\/en\/check-in\/\" \/>\n<meta property=\"og:locale\" content=\"en_US\" \/>\n<meta property=\"og:type\" content=\"article\" \/>\n<meta property=\"og:title\" content=\"Check In | Real Cathedral Hotel\" \/>\n<meta property=\"og:description\" content=\"Realiza tu Check-In o Registro de Entrada de forma digital. En Hotel Real Catedral deseamos salvaguardar tu bienestar y salud durante tu visita.\" \/>\n<meta property=\"og:url\" content=\"https:\/\/www.hotelrealcatedral.com\/en\/check-in\/\" \/>\n<meta property=\"og:site_name\" content=\"Real Cathedral Hotel\" \/>\n<meta property=\"article:publisher\" content=\"http:\/\/facebook.com\/hotelrealcatedral\" \/>\n<meta property=\"article:modified_time\" content=\"2020-07-24T18:47:03+00:00\" \/>\n<meta name=\"twitter:card\" content=\"summary_large_image\" \/>\n<meta name=\"twitter:site\" content=\"@hrealcatedral\" \/>\n<meta name=\"twitter:label1\" content=\"Est. reading time\" \/>\n\t<meta name=\"twitter:data1\" content=\"1 minute\" \/>\n<script type=\"application\/ld+json\" class=\"yoast-schema-graph\">{\"@context\":\"https:\/\/schema.org\",\"@graph\":[{\"@type\":\"WebPage\",\"@id\":\"https:\/\/www.hotelrealcatedral.com\/en\/check-in\/\",\"url\":\"https:\/\/www.hotelrealcatedral.com\/en\/check-in\/\",\"name\":\"Check In | Real Cathedral Hotel\",\"isPartOf\":{\"@id\":\"https:\/\/www.hotelrealcatedral.com\/#website\"},\"datePublished\":\"2020-07-24T18:47:01+00:00\",\"dateModified\":\"2020-07-24T18:47:03+00:00\",\"description\":\"Realiza tu Check-In o Registro de Entrada de forma digital. En Hotel Real Catedral deseamos salvaguardar tu bienestar y salud durante tu visita.\",\"breadcrumb\":{\"@id\":\"https:\/\/www.hotelrealcatedral.com\/en\/check-in\/#breadcrumb\"},\"inLanguage\":\"en-US\",\"potentialAction\":[{\"@type\":\"ReadAction\",\"target\":[\"https:\/\/www.hotelrealcatedral.com\/en\/check-in\/\"]}]},{\"@type\":\"BreadcrumbList\",\"@id\":\"https:\/\/www.hotelrealcatedral.com\/en\/check-in\/#breadcrumb\",\"itemListElement\":[{\"@type\":\"ListItem\",\"position\":1,\"name\":\"Portada\",\"item\":\"https:\/\/www.hotelrealcatedral.com\/\"},{\"@type\":\"ListItem\",\"position\":2,\"name\":\"Check In\"}]},{\"@type\":\"WebSite\",\"@id\":\"https:\/\/www.hotelrealcatedral.com\/#website\",\"url\":\"https:\/\/www.hotelrealcatedral.com\/\",\"name\":\"Real Cathedral Hotel\",\"description\":\"Historic Hotel in Downtown Tula Hidalgo\",\"potentialAction\":[{\"@type\":\"SearchAction\",\"target\":{\"@type\":\"EntryPoint\",\"urlTemplate\":\"https:\/\/www.hotelrealcatedral.com\/?s={search_term_string}\"},\"query-input\":{\"@type\":\"PropertyValueSpecification\",\"valueRequired\":true,\"valueName\":\"search_term_string\"}}],\"inLanguage\":\"en-US\"}]}<\/script>\n<!-- \/ Yoast SEO plugin. -->","yoast_head_json":{"title":"Check In | Real Cathedral Hotel","description":"Realiza tu Check-In o Registro de Entrada de forma digital. En Hotel Real Catedral deseamos salvaguardar tu bienestar y salud durante tu visita.","robots":{"index":"index","follow":"follow","max-snippet":"max-snippet:-1","max-image-preview":"max-image-preview:large","max-video-preview":"max-video-preview:-1"},"canonical":"https:\/\/www.hotelrealcatedral.com\/en\/check-in\/","og_locale":"en_US","og_type":"article","og_title":"Check In | Real Cathedral Hotel","og_description":"Realiza tu Check-In o Registro de Entrada de forma digital. En Hotel Real Catedral deseamos salvaguardar tu bienestar y salud durante tu visita.","og_url":"https:\/\/www.hotelrealcatedral.com\/en\/check-in\/","og_site_name":"Real Cathedral Hotel","article_publisher":"http:\/\/facebook.com\/hotelrealcatedral","article_modified_time":"2020-07-24T18:47:03+00:00","twitter_card":"summary_large_image","twitter_site":"@hrealcatedral","twitter_misc":{"Est. reading time":"1 minute"},"schema":{"@context":"https:\/\/schema.org","@graph":[{"@type":"WebPage","@id":"https:\/\/www.hotelrealcatedral.com\/en\/check-in\/","url":"https:\/\/www.hotelrealcatedral.com\/en\/check-in\/","name":"Check In | Real Cathedral Hotel","isPartOf":{"@id":"https:\/\/www.hotelrealcatedral.com\/#website"},"datePublished":"2020-07-24T18:47:01+00:00","dateModified":"2020-07-24T18:47:03+00:00","description":"Realiza tu Check-In o Registro de Entrada de forma digital. En Hotel Real Catedral deseamos salvaguardar tu bienestar y salud durante tu visita.","breadcrumb":{"@id":"https:\/\/www.hotelrealcatedral.com\/en\/check-in\/#breadcrumb"},"inLanguage":"en-US","potentialAction":[{"@type":"ReadAction","target":["https:\/\/www.hotelrealcatedral.com\/en\/check-in\/"]}]},{"@type":"BreadcrumbList","@id":"https:\/\/www.hotelrealcatedral.com\/en\/check-in\/#breadcrumb","itemListElement":[{"@type":"ListItem","position":1,"name":"Portada","item":"https:\/\/www.hotelrealcatedral.com\/"},{"@type":"ListItem","position":2,"name":"Check In"}]},{"@type":"WebSite","@id":"https:\/\/www.hotelrealcatedral.com\/#website","url":"https:\/\/www.hotelrealcatedral.com\/","name":"Real Cathedral Hotel","description":"Historic Hotel in Downtown Tula Hidalgo","potentialAction":[{"@type":"SearchAction","target":{"@type":"EntryPoint","urlTemplate":"https:\/\/www.hotelrealcatedral.com\/?s={search_term_string}"},"query-input":{"@type":"PropertyValueSpecification","valueRequired":true,"valueName":"search_term_string"}}],"inLanguage":"en-US"}]}},"_links":{"self":[{"href":"https:\/\/www.hotelrealcatedral.com\/en\/wp-json\/wp\/v2\/pages\/492","targetHints":{"allow":["GET"]}}],"collection":[{"href":"https:\/\/www.hotelrealcatedral.com\/en\/wp-json\/wp\/v2\/pages"}],"about":[{"href":"https:\/\/www.hotelrealcatedral.com\/en\/wp-json\/wp\/v2\/types\/page"}],"author":[{"embeddable":true,"href":"https:\/\/www.hotelrealcatedral.com\/en\/wp-json\/wp\/v2\/users\/3"}],"replies":[{"embeddable":true,"href":"https:\/\/www.hotelrealcatedral.com\/en\/wp-json\/wp\/v2\/comments?post=492"}],"version-history":[{"count":5,"href":"https:\/\/www.hotelrealcatedral.com\/en\/wp-json\/wp\/v2\/pages\/492\/revisions"}],"predecessor-version":[{"id":502,"href":"https:\/\/www.hotelrealcatedral.com\/en\/wp-json\/wp\/v2\/pages\/492\/revisions\/502"}],"wp:attachment":[{"href":"https:\/\/www.hotelrealcatedral.com\/en\/wp-json\/wp\/v2\/media?parent=492"}],"curies":[{"name":"wp","href":"https:\/\/api.w.org\/{rel}","templated":true}]}}